{"id":6,"date":"2023-02-02T11:00:09","date_gmt":"2023-02-02T11:00:09","guid":{"rendered":"https:\/\/ellecidi.ch\/?page_id=6"},"modified":"2024-01-23T10:54:10","modified_gmt":"2024-01-23T10:54:10","slug":"ellecidi","status":"publish","type":"page","link":"https:\/\/ellecidi.ch\/","title":{"rendered":"HOME"},"content":{"rendered":"<div class=\"\" style=\"\" >\n    \n    <section class=\"u-align-center u-clearfix u-valign-bottom u-section-2\" id=\"sec-046e\">\n      <div class=\"u-expanded-width u-gallery u-layout-grid u-lightbox u-show-text-on-hover u-gallery-1\">\n        <div class=\"u-gallery-inner u-gallery-inner-1\">\n          <div class=\"u-effect-fade u-gallery-item u-shape-rectangle u-gallery-item-1\">\n            <div class=\"u-back-slide u-back-slide-1\" data-image-width=\"1252\" data-image-height=\"769\">\n              <img decoding=\"async\" class=\"u-back-image u-expanded u-back-image-1\" src=\"https:\/\/ellecidi.ch\/wp-content\/uploads\/2023\/02\/ElleCiDi-low.png\">\n            <\/div>\n            <div class=\"u-over-slide u-over-slide-1\"><\/div>\n          <\/div>\n        <\/div>\n      <\/div>\n    <\/section>\n    <section class=\"u-clearfix u-section-3\" id=\"sec-3fae\">\n      <div class=\"u-clearfix u-sheet u-valign-middle-lg u-valign-middle-xl u-sheet-1\">\n        <h2 class=\"u-custom-font u-font-lato u-text u-text-1\">Residenza Ellecidi<\/h2>\n        <h2 class=\"u-align-center u-custom-font u-font-lato u-text u-text-2\"> LA TUA NUOVA CASA\nIN EQUILIBRIO TRA PASSATO E FUTURO<\/h2>\n      <\/div>\n    <\/section>\n    <section class=\"u-align-center u-clearfix u-grey-15 u-section-4\" id=\"sec-6120\">\n      <div class=\"u-clearfix u-sheet u-sheet-1\">\n        <h2 class=\"u-text u-text-default u-text-1\"> Il Nome<\/h2>\n        <h2 class=\"u-align-left u-text u-text-body-color u-text-default u-text-2\"><b>\n            <span style=\"font-weight: 400; font-size: 1.25rem;\">Il nome della residenza nasce dalla ferrovia elettrica Lugano-Cadro-Dino in sigla LCD, che rimase in funzione dal 1911 al 1970. Il percorso partiva da Lugano nella Piazza Manzoni e terminava a Dino-Sonvico.&nbsp;<\/span><\/b>\n          <span style=\"font-size: 1.25rem;\">\n            <br>\n          <\/span>\n          <br><b>\n            <span style=\"font-weight: 400; font-size: 1.25rem;\" class=\"u-text-black\">La linea fu abbandonata \u200bquando l'aumento del traffico automobilistico rese difficile la convivenza dei treni sulla sede stradale. La residenza Ellecidi risiede proprio sul percorso che faceva la ferrovia.<\/span><\/b>\n          <br>\n        <\/h2>\n      <\/div>\n    <\/section>\n    <section class=\"u-align-center u-clearfix u-grey-15 u-valign-middle-sm u-valign-middle-xs u-section-5\" src=\"\" id=\"sec-92d1\">\n      <h2 class=\"u-text u-text-default u-text-1\"> Ubicazione del progetto<\/h2>\n      <p class=\"u-align-left u-custom-font u-font-lato u-text u-text-2\"> L\u2019edificio \u00e9 situato nel comune di Pregassona, presso via Corte, a soli 3 km di distanza\ndal centro di Lugano.&nbsp;<br>\n      <\/p>\n      <div class=\"u-align-left u-expanded-width u-grey-10 u-map u-map-1\">\n        <div class=\"embed-responsive\">\n          <iframe class=\"embed-responsive-item\" src=\"\/\/maps.google.com\/maps?output=embed&amp;q=46.025680%2C%208.973719&amp;z=13&amp;t=k\" data-map=\"JTdCJTIycG9zaXRpb25UeXBlJTIyJTNBJTIybWFwLWFkZHJlc3MlMjIlMkMlMjJhZGRyZXNzJTIyJTNBJTIyNDYuMDI1NjgwJTJDJTIwOC45NzM3MTklMjIlMkMlMjJ6b29tJTIyJTNBMTMlMkMlMjJ0eXBlSWQlMjIlM0ElMjJzYXRlbGxpdGUlMjIlMkMlMjJsYW5nJTIyJTNBbnVsbCUyQyUyMmFwaUtleSUyMiUzQW51bGwlMkMlMjJtYXJrZXJzJTIyJTNBJTVCJTVEJTdE\"><\/iframe>\n        <\/div>\n      <\/div>\n      <p class=\"u-align-left u-custom-font u-font-lato u-text u-text-3\"> Il mappale 1038&nbsp; \u00e9 situato in zona strategica per quanto riguarda tutti\ni servizi di pubblica utilit\u00e0:<br>scuole, banche, farmacia, servizi bus e vari\nnegozi.\n      <\/p>\n    <\/section>\n    <section class=\"u-clearfix u-grey-70 u-section-6\" id=\"sec-96de\">\n      <div class=\"u-clearfix u-sheet u-sheet-1\">\n        <div class=\"u-container-style u-gradient u-group u-opacity u-opacity-80 u-radius-25 u-shape-round u-group-1\">\n          <div class=\"u-container-layout u-container-layout-1\">\n            <h2 class=\"u-align-center u-custom-font u-font-lato u-text u-text-1\"> Descrizione progetto<\/h2>\n            <p class=\"u-align-justify u-custom-font u-font-lato u-text u-text-2\"> L\u2019edificio si sviluppa su 3 piani fuori terra ad uso residenziale per un totale di 7 appartamenti oltre al piano interrato ad uso accessorio.\nL'accesso pedonale per gli ospiti \u00e9 previsto da via Corte mentre l'accesso all'autorimessa avviene da via Arbostra.\nAl piano interrato troviamo\n9 posti auto, un Bike Room, ampie cantine e i locali tecnici. I 4 piani saranno disimpegnati da vano scala comune e lift.&nbsp;<br>Il piano terra e il primo piano avranno lo stesso layout con n.3 appartamenti da 2.5 locali.<br>\u00c8 prevista la possibilit\u00e0 di accorparne 2 per formare un 4.5 locali.<br>Il layout del piano attico prevede un'unica unit\u00e0 abitativa con accesso esclusivo alla copertura.<br>Tutti gli appartamenti saranno dotati di ampia terrazza; le unit\u00e0 al piano terreno avranno l'uso esclusivo di porzioni del giardino.&nbsp;<br>\n            <\/p>\n          <\/div>\n        <\/div>\n      <\/div>\n    <\/section>\n    <section class=\"skrollable u-align-center u-clearfix u-container-align-center u-image u-lightbox u-parallax u-section-7\" id=\"carousel_b627\" data-image-width=\"1590\" data-image-height=\"1239\" style=\"background-image: url(&quot;https:\/\/ellecidi.ch\/wp-content\/uploads\/2023\/03\/Descrizione2.jpg&quot;);\">\n      <div class=\"u-clearfix u-sheet u-sheet-1\"><\/div>\n    <\/section>\n    <section class=\"u-clearfix u-gradient u-section-8\" id=\"sec-3421\">\n      <div class=\"u-clearfix u-sheet u-sheet-1\"><\/div>\n    <\/section>\n    <section class=\"skrollable u-align-center u-clearfix u-container-align-center u-image u-lightbox u-parallax u-section-9\" id=\"sec-27f2\" data-image-width=\"1522\" data-image-height=\"947\" style=\"background-image: url(&quot;https:\/\/ellecidi.ch\/wp-content\/uploads\/2023\/03\/VistaOvest1.jpg&quot;);\">\n      <div class=\"u-clearfix u-sheet u-sheet-1\"><\/div>\n    <\/section>\n    <section class=\"u-align-center u-clearfix u-gradient u-section-10\" id=\"sec-52ab\">\n      <div class=\"u-clearfix u-sheet u-sheet-1\">\n        <h2 class=\"u-align-center u-text u-text-body-alt-color u-text-1\">Soluzioni di comprovata qualit\u00e0 ed efficienza&nbsp;&nbsp;<\/h2>\n        <div class=\"u-expanded-width-xs u-list u-list-1\">\n          <div class=\"u-repeater u-repeater-1\">\n            <div class=\"u-align-center u-container-align-center-xs u-container-style u-gradient u-list-item u-radius-30 u-repeater-item u-shape-round u-list-item-1\">\n              <div class=\"u-container-layout u-similar-container u-valign-top-md u-valign-top-sm u-valign-top-xs u-container-layout-1\">\n                <p class=\"u-custom-font u-font-lato u-small-text u-text u-text-variant u-text-2\"><span class=\"u-file-icon u-icon u-icon-1\"><img decoding=\"async\" src=\"https:\/\/ellecidi.ch\/wp-content\/uploads\/2023\/02\/9615020-1.png\" alt=\"\"><\/span>&nbsp;<br>Pompa di calore&nbsp;no gas\n                <\/p>\n              <\/div>\n            <\/div>\n            <div class=\"u-align-center u-container-align-center-xs u-container-style u-gradient u-list-item u-radius-30 u-repeater-item u-shape-round u-list-item-2\">\n              <div class=\"u-container-layout u-similar-container u-valign-top-md u-valign-top-sm u-valign-top-xs u-container-layout-2\">\n                <p class=\"u-custom-font u-font-lato u-small-text u-text u-text-variant u-text-3\"><span class=\"u-file-icon u-icon u-icon-2\"><img decoding=\"async\" src=\"https:\/\/ellecidi.ch\/wp-content\/uploads\/2023\/02\/9615028-1.png\" alt=\"\"><\/span>&nbsp;<br>Fotovoltaico in copertura\n                <\/p>\n              <\/div>\n            <\/div>\n            <div class=\"u-align-center u-container-align-center-xs u-container-style u-gradient u-list-item u-radius-30 u-repeater-item u-shape-round u-list-item-3\">\n              <div class=\"u-container-layout u-similar-container u-valign-top-md u-valign-top-sm u-valign-top-xs u-container-layout-3\">\n                <p class=\"u-custom-font u-font-lato u-small-text u-text u-text-variant u-text-4\"><span class=\"u-file-icon u-icon u-icon-3\"><img decoding=\"async\" src=\"https:\/\/ellecidi.ch\/wp-content\/uploads\/2023\/02\/7100327-1.png\" alt=\"\"><\/span>&nbsp;<br>Riscaldamento a pavimento&nbsp;\n                <\/p>\n              <\/div>\n            <\/div>\n            <div class=\"u-align-center u-container-align-center-xs u-container-style u-gradient u-list-item u-radius-30 u-repeater-item u-shape-round u-list-item-4\">\n              <div class=\"u-container-layout u-similar-container u-valign-top-md u-valign-top-sm u-valign-top-xs u-container-layout-4\">\n                <p class=\"u-custom-font u-font-lato u-small-text u-text u-text-variant u-text-5\"><span class=\"u-file-icon u-icon u-icon-4\"><img decoding=\"async\" src=\"https:\/\/ellecidi.ch\/wp-content\/uploads\/2023\/02\/7787238-1.png\" alt=\"\"><\/span>&nbsp;<br>Predisposizione auto elettriche&nbsp;\n                <\/p>\n              <\/div>\n            <\/div>\n            <div class=\"u-align-center u-container-align-center-xs u-container-style u-gradient u-list-item u-radius-30 u-repeater-item u-shape-round u-list-item-5\">\n              <div class=\"u-container-layout u-similar-container u-valign-top-md u-valign-top-sm u-valign-top-xs u-container-layout-5\">\n                <p class=\"u-custom-font u-font-lato u-small-text u-text u-text-variant u-text-6\"><span class=\"u-file-icon u-icon u-icon-5\"><img decoding=\"async\" src=\"https:\/\/ellecidi.ch\/wp-content\/uploads\/2023\/02\/2204154-1.png\" alt=\"\"><\/span>&nbsp;<br>Parco giochi\n                <\/p>\n              <\/div>\n            <\/div>\n            <div class=\"u-align-center u-container-align-center-xs u-container-style u-gradient u-list-item u-radius-30 u-repeater-item u-shape-round u-list-item-6\">\n              <div class=\"u-container-layout u-similar-container u-valign-top-md u-valign-top-sm u-valign-top-xs u-container-layout-6\">\n                <p class=\"u-custom-font u-font-lato u-small-text u-text u-text-variant u-text-7\"><span class=\"u-file-icon u-icon u-icon-6\"><img decoding=\"async\" src=\"https:\/\/ellecidi.ch\/wp-content\/uploads\/2023\/02\/4303355-1.png\" alt=\"\"><\/span>&nbsp;<br>Domotica\n                <\/p>\n              <\/div>\n            <\/div>\n            <div class=\"u-align-center u-container-align-center-xs u-container-style u-gradient u-list-item u-radius-30 u-repeater-item u-shape-round u-list-item-7\">\n              <div class=\"u-container-layout u-similar-container u-valign-top-md u-valign-top-sm u-valign-top-xs u-container-layout-7\">\n                <p class=\"u-custom-font u-font-lato u-small-text u-text u-text-variant u-text-8\"><span class=\"u-file-icon u-icon u-icon-7\"><img decoding=\"async\" src=\"https:\/\/ellecidi.ch\/wp-content\/uploads\/2023\/02\/2784371-1.png\" alt=\"\"><\/span>&nbsp;<br>Raffrescamento\n                <\/p>\n              <\/div>\n            <\/div>\n            <div class=\"u-align-center u-container-align-center-xs u-container-style u-gradient u-list-item u-radius-30 u-repeater-item u-shape-round u-list-item-8\">\n              <div class=\"u-container-layout u-similar-container u-valign-top-md u-valign-top-sm u-valign-top-xs u-container-layout-8\">\n                <p class=\"u-custom-font u-font-lato u-small-text u-text u-text-variant u-text-9\"><span class=\"u-file-icon u-icon u-icon-8\"><img decoding=\"async\" src=\"https:\/\/ellecidi.ch\/wp-content\/uploads\/2023\/02\/3390674-1.png\" alt=\"\"><\/span>&nbsp;<br>Bike Room\n                <\/p>\n              <\/div>\n            <\/div>\n          <\/div>\n        <\/div>\n      <\/div>\n    <\/section>\n    <section class=\"u-align-center u-clearfix u-grey-15 u-section-11\" id=\"carousel_104a\">\n      <div class=\"u-clearfix u-sheet u-valign-middle u-sheet-1\">\n        <h2 class=\"u-align-left u-text u-text-default u-text-1\"><b>Design ricercato, comfort tutto da vivere<\/b>&nbsp;<br>L'eleganza formale della facciata si impreziosisce grazie alla presenza di materiali naturali che richiamano la forte anima green.<br><b>\n            <br>Soluzioni\nper ogni esigenza, ambienti accoglienti<\/b>&nbsp;<br>Dal bilocale alle pi\u00f9 ampie e generose metrature. Diverse soluzioni abitative\nche garantiscono privacy e tranquillit\u00e0, ambienti ariosi e luminosi.&nbsp;\n        <\/h2>\n      <\/div>\n    <\/section>\n    <section class=\"u-clearfix u-container-align-left-md u-image u-section-12\" id=\"carousel_4eef\" data-image-width=\"1912\" data-image-height=\"1198\" style=\"background-image: url(&quot;https:\/\/ellecidi.ch\/wp-content\/uploads\/2023\/02\/render2.5.jpg&quot;);\">\n      <div class=\"u-clearfix u-sheet u-sheet-1\"><\/div>\n    <\/section>\n    <section class=\"u-align-center u-clearfix u-grey-15 u-section-13\" id=\"carousel_3fd1\">\n      <div class=\"u-clearfix u-sheet u-valign-middle u-sheet-1\">\n        <h2 class=\"u-align-left u-text u-text-default u-text-1\">\n          <span style=\"font-weight: 700;\">Materiali e finiture<br>\n          <\/span>La scelta di\nmateriali di qualit\u00e0, la cura per le finiture, gli ambienti confortevoli, la luce che\nentra dalle grandi specchiature delle finestre e illumina l\u2019interno: vivere la\ncasa \u00e8 un\u2019esperienza sensoriale impressa nel tempo. <br><b>\n            <br>La cucina, luogo d'eccellenza della convivialit\u00e0&nbsp;<\/b>\n          <br>Uno\nspazio di design unico e su misura. Materiali di qualit\u00e0, composizioni e linee\ndefinite e di carattere&nbsp;&nbsp;<br>\n        <\/h2>\n      <\/div>\n    <\/section>\n    <section class=\"u-clearfix u-container-align-left-md u-image u-section-14\" id=\"carousel_2e2e\" data-image-width=\"1920\" data-image-height=\"1199\" style=\"background-image: url(&quot;https:\/\/ellecidi.ch\/wp-content\/uploads\/2023\/02\/render4.5.jpg&quot;);\">\n      <div class=\"u-clearfix u-sheet u-sheet-1\"><\/div>\n    <\/section>\n    <section class=\"u-align-center u-clearfix u-grey-10 u-section-15\" id=\"carousel_d3c2\">\n      <div class=\"u-clearfix u-sheet u-valign-middle u-sheet-1\">\n        <h2 class=\"u-align-left u-text u-text-default u-text-1\"><b>Sistemi sostenibili e innovativi<\/b>&nbsp;<br>Un sistema di\nservizi esclusivi e di gestione e tecnologici, pensati per il benessere dell\u2019abitare. Il tutto \u00e8 studiato per semplificare le azioni\nquotidiane, attraverso un costante controllo di costi e consumi.&nbsp;&nbsp;<br>\n          <br><b>Sensazioni inedite&nbsp;<\/b>\n          <br>Grazie ai partner consolidati gli spazi\nassumono un carattere dinamico, fresco e giovane. Tanti stili e tipologie di\narredo, un look che evolve continuamente, il tutto nel nome della qualit\u00e0&nbsp;&nbsp;\n        <\/h2>\n      <\/div>\n    <\/section>\n    <section class=\"u-align-center u-clearfix u-image u-section-16\" id=\"carousel_3815\" data-image-width=\"1280\" data-image-height=\"853\" style=\"background-image: url(&quot;https:\/\/ellecidi.ch\/wp-content\/uploads\/2023\/02\/6d2f674d228f6ae966552d70fda12b96b782f913eefcd776ecf4cfa827bff30b5d2aed6a9e843b08869c09b1237a0a4a3d1c4b69bdaf13167ef0c5_1280-2.jpg&quot;);\">\n      <div class=\"u-clearfix u-sheet u-sheet-1\">\n        <div class=\"data-layout-selected u-clearfix u-expanded-width-sm u-expanded-width-xs u-gutter-50 u-layout-wrap u-layout-wrap-1\">\n          <div class=\"u-layout\">\n            <div class=\"u-layout-col\">\n              <div class=\"u-size-60\">\n                <div class=\"u-layout-row\">\n                  <div class=\"u-container-style u-layout-cell u-left-cell u-opacity u-opacity-70 u-palette-3-light-2 u-radius-25 u-shape-round u-size-60 u-layout-cell-1\">\n                    <div class=\"u-container-layout u-container-layout-1\"><span class=\"u-grey-50 u-icon u-icon-circle u-text-palette-3-base u-icon-1\"><svg class=\"u-svg-link\" preserveAspectRatio=\"xMidYMin slice\" viewBox=\"0 0 60 60\" style=\"\"><use xlink:href=\"#svg-851e\"><\/use><\/svg><svg id=\"svg-851e\" x=\"0px\" y=\"0px\" viewBox=\"0 0 60 60\" style=\"enable-background:new 0 0 60 60;\" class=\"u-svg-content\"><g><path d=\"M30,26c3.86,0,7-3.141,7-7s-3.14-7-7-7s-7,3.141-7,7S26.14,26,30,26z M30,14c2.757,0,5,2.243,5,5s-2.243,5-5,5\n\t\ts-5-2.243-5-5S27.243,14,30,14z\"><\/path><path d=\"M29.823,54.757L45.164,32.6c5.754-7.671,4.922-20.28-1.781-26.982C39.761,1.995,34.945,0,29.823,0\n\t\ts-9.938,1.995-13.56,5.617c-6.703,6.702-7.535,19.311-1.804,26.952L29.823,54.757z M17.677,7.031C20.922,3.787,25.235,2,29.823,2\n\t\ts8.901,1.787,12.146,5.031c6.05,6.049,6.795,17.437,1.573,24.399L29.823,51.243L16.082,31.4\n\t\tC10.882,24.468,11.628,13.08,17.677,7.031z\"><\/path><path d=\"M42.117,43.007c-0.55-0.067-1.046,0.327-1.11,0.876s0.328,1.046,0.876,1.11C52.399,46.231,58,49.567,58,51.5\n\t\tc0,2.714-10.652,6.5-28,6.5S2,54.214,2,51.5c0-1.933,5.601-5.269,16.117-6.507c0.548-0.064,0.94-0.562,0.876-1.11\n\t\tc-0.065-0.549-0.561-0.945-1.11-0.876C7.354,44.247,0,47.739,0,51.5C0,55.724,10.305,60,30,60s30-4.276,30-8.5\n\t\tC60,47.739,52.646,44.247,42.117,43.007z\"><\/path>\n<\/g><g><\/g><g><\/g><g><\/g><g><\/g><g><\/g><g><\/g><g><\/g><g><\/g><g><\/g><g><\/g><g><\/g><g><\/g><g><\/g><g><\/g><g><\/g><\/svg><\/span><span class=\"u-grey-50 u-icon u-icon-circle u-text-palette-3-base u-icon-2\"><svg class=\"u-svg-link\" preserveAspectRatio=\"xMidYMin slice\" viewBox=\"0 0 60 60\" style=\"\"><use xlink:href=\"#svg-1f10\"><\/use><\/svg><svg id=\"svg-1f10\" x=\"0px\" y=\"0px\" viewBox=\"0 0 60 60\" style=\"enable-background:new 0 0 60 60;\" class=\"u-svg-content\"><g><path d=\"M42.5,22h-25c-0.552,0-1,0.447-1,1s0.448,1,1,1h25c0.552,0,1-0.447,1-1S43.052,22,42.5,22z\"><\/path><path d=\"M17.5,16h10c0.552,0,1-0.447,1-1s-0.448-1-1-1h-10c-0.552,0-1,0.447-1,1S16.948,16,17.5,16z\"><\/path><path d=\"M42.5,30h-25c-0.552,0-1,0.447-1,1s0.448,1,1,1h25c0.552,0,1-0.447,1-1S43.052,30,42.5,30z\"><\/path><path d=\"M42.5,38h-25c-0.552,0-1,0.447-1,1s0.448,1,1,1h25c0.552,0,1-0.447,1-1S43.052,38,42.5,38z\"><\/path><path d=\"M42.5,46h-25c-0.552,0-1,0.447-1,1s0.448,1,1,1h25c0.552,0,1-0.447,1-1S43.052,46,42.5,46z\"><\/path><path d=\"M38.914,0H6.5v60h47V14.586L38.914,0z M39.5,3.414L50.086,14H39.5V3.414z M8.5,58V2h29v14h14v42H8.5z\"><\/path>\n<\/g><g><\/g><g><\/g><g><\/g><g><\/g><g><\/g><g><\/g><g><\/g><g><\/g><g><\/g><g><\/g><g><\/g><g><\/g><g><\/g><g><\/g><g><\/g><\/svg><\/span>\n                      <h5 class=\"u-text u-text-1\">INDIRIZZo<\/h5>\n                      <h5 class=\"u-text u-text-2\" data-lang-it=\"INDIRIZZo\">eMAIL<\/h5>\n                      <p class=\"u-custom-font u-font-lato u-text u-text-3\">info@ellecidi.ch<\/p>\n                      <p class=\"u-custom-font u-font-lato u-text u-text-4\">\n                        <span style=\"font-size: 1.25rem;\">Residenza Ellecidi<\/span>\n                        <br>\n                        <span style=\"font-size: 1rem;\">C\/O Ghielmimport SA<br>Via Cantonale 8<br>6905 Mezzovico\n                        <\/span>\n                      <\/p>\n                    <\/div>\n                  <\/div>\n                <\/div>\n              <\/div>\n            <\/div>\n          <\/div>\n        <\/div>\n        <div class=\"data-layout-selected u-clearfix u-expanded-width-sm u-expanded-width-xs u-gutter-0 u-layout-wrap u-layout-wrap-2\">\n          <div class=\"u-gutter-0 u-layout\">\n            <div class=\"u-layout-row\">\n              <div class=\"u-align-center u-container-style u-layout-cell u-size-60 u-layout-cell-2\">\n                <div class=\"u-container-layout u-valign-top-lg u-valign-top-md u-valign-top-xl u-container-layout-2\">\n                  <h6 class=\"u-custom-font u-font-lato u-text u-text-default u-text-5\" data-animation-name=\"\" data-animation-duration=\"0\" data-animation-delay=\"0\" data-animation-direction=\"\">Contattaci<\/h6>\n                  <div class=\"u-expanded-width-lg u-expanded-width-md u-expanded-width-sm u-expanded-width-xs u-form u-form-1\">\n                    <form action=\"https:\/\/forms.nicepagesrv.com\/v2\/form\/process\" class=\"u-clearfix u-form-spacing-18 u-form-vertical u-inner-form\" style=\"padding: 0;\" source=\"email\" name=\"form\">\n                      <div class=\"u-form-group u-form-name\">\n                        <label for=\"name-daf4\" class=\"u-custom-font u-font-lato u-label u-label-1\">Nome<\/label>\n                        <input type=\"text\" placeholder=\"Metti il tuo nome\" id=\"name-daf4\" name=\"Nome\" class=\"u-border-2 u-border-black u-border-no-left u-border-no-right u-border-no-top u-custom-font u-font-lato u-grey-25 u-input u-input-rectangle\" required=\"\">\n                      <\/div>\n                      <div class=\"u-form-email u-form-group\">\n                        <label for=\"email-daf4\" class=\"u-custom-font u-font-lato u-label u-label-2\">Email<\/label>\n                        <input type=\"email\" placeholder=\"Inserisci la mail\" id=\"email-daf4\" name=\"email\" class=\"u-border-2 u-border-black u-border-no-left u-border-no-right u-border-no-top u-custom-font u-font-lato u-grey-25 u-input u-input-rectangle\" required=\"\">\n                      <\/div>\n                      <div class=\"u-form-group u-form-message\">\n                        <label for=\"message-daf4\" class=\"u-custom-font u-font-lato u-label u-label-3\">Messaggio<\/label>\n                        <textarea id=\"message-daf4\" name=\"Messaggio\" class=\"u-border-2 u-border-black u-border-no-left u-border-no-right u-border-no-top u-custom-font u-font-lato u-grey-25 u-input u-input-rectangle\" required=\"\"><\/textarea>\n                      <\/div>\n                      <div class=\"u-align-left u-form-group u-form-submit\">\n                        <a href=\"#\" class=\"u-active-palette-5-dark-2 u-border-2 u-border-grey-75 u-btn u-btn-submit u-button-style u-custom-font u-font-lato u-grey-25 u-hover-palette-5-dark-2 u-btn-1\">Inoltra<\/a>\n                        <input type=\"submit\" value=\"submit\" class=\"u-form-control-hidden\">\n                      <\/div>\n                      <div class=\"u-form-send-message u-form-send-success\">Grazie abbiamo ricevuto il tuo messaggio..<\/div>\n                      <div class=\"u-form-send-error u-form-send-message\">Abbiamo avuto un problema nella consegna della tua richiesta. Pf. chiamaci.<\/div>\n                      <input type=\"hidden\" value=\"\" name=\"recaptchaResponse\">\n                      <input type=\"hidden\" name=\"formServices\" value=\"9d60b87d2f4d774072709b42e6789a17\">\n                    <\/form>\n                  <\/div>\n                <\/div>\n              <\/div>\n            <\/div>\n          <\/div>\n        <\/div>\n      <\/div>\n    <\/section>\n    \n    \n    \n  \n<\/div>","protected":false},"excerpt":{"rendered":"<p>Residenza Ellecidi LA TUA NUOVA CASA IN EQUILIBRIO TRA PASSATO E FUTURO Il Nome Il nome della residenza nasce dalla ferrovia elettrica Lugano-Cadro-Dino in sigla LCD, che rimase in funzione dal 1911 al 1970. Il percorso partiva da Lugano nella Piazza Manzoni e terminava a Dino-Sonvico.&nbsp; La linea fu abbandonata \u200bquando l&#8217;aumento del traffico automobilistico [&hellip;]<\/p>\n","protected":false},"author":1,"featured_media":0,"parent":0,"menu_order":0,"comment_status":"closed","ping_status":"closed","template":"","meta":{"footnotes":""},"class_list":["post-6","page","type-page","status-publish","hentry"],"_links":{"self":[{"href":"https:\/\/ellecidi.ch\/index.php?rest_route=\/wp\/v2\/pages\/6","targetHints":{"allow":["GET"]}}],"collection":[{"href":"https:\/\/ellecidi.ch\/index.php?rest_route=\/wp\/v2\/pages"}],"about":[{"href":"https:\/\/ellecidi.ch\/index.php?rest_route=\/wp\/v2\/types\/page"}],"author":[{"embeddable":true,"href":"https:\/\/ellecidi.ch\/index.php?rest_route=\/wp\/v2\/users\/1"}],"replies":[{"embeddable":true,"href":"https:\/\/ellecidi.ch\/index.php?rest_route=%2Fwp%2Fv2%2Fcomments&post=6"}],"version-history":[{"count":89,"href":"https:\/\/ellecidi.ch\/index.php?rest_route=\/wp\/v2\/pages\/6\/revisions"}],"predecessor-version":[{"id":366,"href":"https:\/\/ellecidi.ch\/index.php?rest_route=\/wp\/v2\/pages\/6\/revisions\/366"}],"wp:attachment":[{"href":"https:\/\/ellecidi.ch\/index.php?rest_route=%2Fwp%2Fv2%2Fmedia&parent=6"}],"curies":[{"name":"wp","href":"https:\/\/api.w.org\/{rel}","templated":true}]}}